{"id":890,"date":"2024-03-21T07:38:25","date_gmt":"2024-03-21T07:38:25","guid":{"rendered":"https:\/\/santamed.com.tr\/?page_id=890"},"modified":"2024-03-21T08:58:54","modified_gmt":"2024-03-21T08:58:54","slug":"surgical-instruments","status":"publish","type":"page","link":"https:\/\/santamed.com.tr\/tr\/surgical-instruments\/","title":{"rendered":"Cerrahi Aletler"},"content":{"rendered":"<style type=\"text\/css\" data-created_by=\"avia_inline_auto\" id=\"style-css-av-lu0zn5fr-a335f40ff3ff58e2cb6ef76f7a5e1d13\">\n#top .flex_column.av-lu0zn5fr-a335f40ff3ff58e2cb6ef76f7a5e1d13{\nmargin-top:0px;\nmargin-bottom:0px;\n}\n.responsive #top #wrap_all .flex_column.av-lu0zn5fr-a335f40ff3ff58e2cb6ef76f7a5e1d13{\nmargin-top:0px;\nmargin-bottom:0px;\n}\n<\/style>\n<div  class='flex_column av-lu0zn5fr-a335f40ff3ff58e2cb6ef76f7a5e1d13 av_one_full  avia-builder-el-0  el_before_av_section  avia-builder-el-no-sibling  bold-heading-wrapper first flex_column_div'     ><style type=\"text\/css\" data-created_by=\"avia_inline_auto\" id=\"style-css-av-lu0zjpti-c7353e89ce4b4bc58704bfc5f5208fb6\">\n#top .av-special-heading.av-lu0zjpti-c7353e89ce4b4bc58704bfc5f5208fb6{\nmargin:0 0 0 0;\npadding-bottom:10px;\n}\nbody .av-special-heading.av-lu0zjpti-c7353e89ce4b4bc58704bfc5f5208fb6 .av-special-heading-tag .heading-char{\nfont-size:25px;\n}\n.av-special-heading.av-lu0zjpti-c7353e89ce4b4bc58704bfc5f5208fb6 .av-subheading{\nfont-size:15px;\n}\n<\/style>\n<div  class='av-special-heading av-lu0zjpti-c7353e89ce4b4bc58704bfc5f5208fb6 av-special-heading-h2 blockquote modern-quote modern-centered  avia-builder-el-1  avia-builder-el-no-sibling  bold-heading'><h2 class='av-special-heading-tag'  itemprop=\"headline\"  >Cerrahi Aletler Kataloglar\u0131<\/h2><div class=\"special-heading-border\"><div class=\"special-heading-inner-border\"><\/div><\/div><\/div><\/div><\/div><\/div><\/div><!-- close content main div --><\/div><\/div><div id='av_section_1'  class='avia-section av-lu0xrzut-0ac57ff0b2b1f43eac1949c6ef6c8d85 main_color avia-section-default avia-no-border-styling  avia-builder-el-2  el_after_av_one_full  avia-builder-el-last  santa-instruments avia-bg-style-scroll container_wrap fullsize'  ><div class='container av-section-cont-open' ><div class='template-page content  av-content-full alpha units'><div class='post-entry post-entry-type-page post-entry-890'><div class='entry-content-wrapper clearfix'>\n<div  class='flex_column av-437aq-bab65f6bda8fa91725d8a5bc35862ec8 av_one_third  avia-builder-el-3  el_before_av_one_third  avia-builder-el-first  first flex_column_div avia-link-column av-column-link avia-link-column-hover'    data-link-column-url=\"https:\/\/santamed.com.tr\/catalogs\/janach-cataract.pdf\"  data-link-column-target=\"_blank\"   ><a class=\"av-screen-reader-only\" href=\"https:\/\/santamed.com.tr\/catalogs\/janach-cataract.pdf\"  target=\"_blank\" >Follow a manual added link<\/a><p>\n<style type=\"text\/css\" data-created_by=\"avia_inline_auto\" id=\"style-css-av-lu0xm67p-fa7d0c6a92c2f7dbe87cff2214c0b2f7\">\n.avia-image-container.av-lu0xm67p-fa7d0c6a92c2f7dbe87cff2214c0b2f7 img.avia_image{\nbox-shadow:none;\n}\n.avia-image-container.av-lu0xm67p-fa7d0c6a92c2f7dbe87cff2214c0b2f7 .av-image-caption-overlay-center{\ncolor:#ffffff;\n}\n<\/style>\n<div  class='avia-image-container av-lu0xm67p-fa7d0c6a92c2f7dbe87cff2214c0b2f7 av-styling- av-img-linked avia-align-center  avia-builder-el-4  el_before_av_heading  avia-builder-el-first'   itemprop=\"image\" itemscope=\"itemscope\" itemtype=\"https:\/\/schema.org\/ImageObject\" ><div class=\"avia-image-container-inner\"><div class=\"avia-image-overlay-wrap\"><a href=\"https:\/\/santamed.com.tr\/catalogs\/janach-cataract.pdf\" class='avia_image'  target=\"_blank\"  rel=\"noopener noreferrer\" aria-label='janach-cataract-cover'><img decoding=\"async\" fetchpriority=\"high\" class='wp-image-893 avia-img-lazy-loading-not-893 avia_image' src=\"https:\/\/santamed.com.tr\/wp-content\/uploads\/2024\/03\/janach-cataract-cover.jpg\" alt='' title='janach-cataract-cover'  height=\"384\" width=\"300\"  itemprop=\"thumbnailUrl\" srcset=\"https:\/\/santamed.com.tr\/wp-content\/uploads\/2024\/03\/janach-cataract-cover.jpg 300w, https:\/\/santamed.com.tr\/wp-content\/uploads\/2024\/03\/janach-cataract-cover-234x300.jpg 234w, https:\/\/santamed.com.tr\/wp-content\/uploads\/2024\/03\/janach-cataract-cover-9x12.jpg 9w\" sizes=\"(max-width: 300px) 100vw, 300px\" \/><\/a><\/div><\/div><\/div><br \/>\n\n<style type=\"text\/css\" data-created_by=\"avia_inline_auto\" id=\"style-css-av-lu0yw0ox-295fa2dd4e93bdd6823be917848ff8d3\">\n#top .av-special-heading.av-lu0yw0ox-295fa2dd4e93bdd6823be917848ff8d3{\npadding-bottom:10px;\n}\nbody .av-special-heading.av-lu0yw0ox-295fa2dd4e93bdd6823be917848ff8d3 .av-special-heading-tag .heading-char{\nfont-size:25px;\n}\n.av-special-heading.av-lu0yw0ox-295fa2dd4e93bdd6823be917848ff8d3 .av-subheading{\nfont-size:15px;\n}\n<\/style>\n<div  class='av-special-heading av-lu0yw0ox-295fa2dd4e93bdd6823be917848ff8d3 av-special-heading-h3 blockquote modern-quote modern-centered  avia-builder-el-5  el_after_av_image  avia-builder-el-last'><h3 class='av-special-heading-tag'  itemprop=\"headline\"  >Katarakt<\/h3><div class=\"special-heading-border\"><div class=\"special-heading-inner-border\"><\/div><\/div><\/div><\/p><\/div><div  class='flex_column av-wbihm-575311ec4e8b8e66c2b54a199e901cdb av_one_third  avia-builder-el-6  el_after_av_one_third  el_before_av_one_third  flex_column_div avia-link-column av-column-link avia-link-column-hover'    data-link-column-url=\"https:\/\/santamed.com.tr\/catalogs\/janach-cornea.pdf\"  data-link-column-target=\"_blank\"   ><a class=\"av-screen-reader-only\" href=\"https:\/\/santamed.com.tr\/catalogs\/janach-cornea.pdf\"  target=\"_blank\" >Follow a manual added link<\/a><p>\n<style type=\"text\/css\" data-created_by=\"avia_inline_auto\" id=\"style-css-av-lu0xnns5-35f308b8153174a5105cf179d8d7fdc5\">\n.avia-image-container.av-lu0xnns5-35f308b8153174a5105cf179d8d7fdc5 img.avia_image{\nbox-shadow:none;\n}\n.avia-image-container.av-lu0xnns5-35f308b8153174a5105cf179d8d7fdc5 .av-image-caption-overlay-center{\ncolor:#ffffff;\n}\n<\/style>\n<div  class='avia-image-container av-lu0xnns5-35f308b8153174a5105cf179d8d7fdc5 av-styling- av-img-linked avia-align-center  avia-builder-el-7  el_before_av_heading  avia-builder-el-first'   itemprop=\"image\" itemscope=\"itemscope\" itemtype=\"https:\/\/schema.org\/ImageObject\" ><div class=\"avia-image-container-inner\"><div class=\"avia-image-overlay-wrap\"><a href=\"https:\/\/santamed.com.tr\/catalogs\/janach-cornea.pdf\" class='avia_image'  target=\"_blank\"  rel=\"noopener noreferrer\" aria-label='janach-cornea-cover'><img decoding=\"async\" fetchpriority=\"high\" class='wp-image-894 avia-img-lazy-loading-not-894 avia_image' src=\"https:\/\/santamed.com.tr\/wp-content\/uploads\/2024\/03\/janach-cornea-cover.jpg\" alt='' title='janach-cornea-cover'  height=\"387\" width=\"300\"  itemprop=\"thumbnailUrl\" srcset=\"https:\/\/santamed.com.tr\/wp-content\/uploads\/2024\/03\/janach-cornea-cover.jpg 300w, https:\/\/santamed.com.tr\/wp-content\/uploads\/2024\/03\/janach-cornea-cover-233x300.jpg 233w, https:\/\/santamed.com.tr\/wp-content\/uploads\/2024\/03\/janach-cornea-cover-9x12.jpg 9w\" sizes=\"(max-width: 300px) 100vw, 300px\" \/><\/a><\/div><\/div><\/div><br \/>\n\n<style type=\"text\/css\" data-created_by=\"avia_inline_auto\" id=\"style-css-av-lu0yzvtq-00e695c5223a6674f2444360543ce4aa\">\n#top .av-special-heading.av-lu0yzvtq-00e695c5223a6674f2444360543ce4aa{\npadding-bottom:10px;\n}\nbody .av-special-heading.av-lu0yzvtq-00e695c5223a6674f2444360543ce4aa .av-special-heading-tag .heading-char{\nfont-size:25px;\n}\n.av-special-heading.av-lu0yzvtq-00e695c5223a6674f2444360543ce4aa .av-subheading{\nfont-size:15px;\n}\n<\/style>\n<div  class='av-special-heading av-lu0yzvtq-00e695c5223a6674f2444360543ce4aa av-special-heading-h3 blockquote modern-quote modern-centered  avia-builder-el-8  el_after_av_image  avia-builder-el-last'><h3 class='av-special-heading-tag'  itemprop=\"headline\"  >Kornea<\/h3><div class=\"special-heading-border\"><div class=\"special-heading-inner-border\"><\/div><\/div><\/div><\/p><\/div><div  class='flex_column av-sog4i-dcc53036f505a09c7089fccfd4ccff64 av_one_third  avia-builder-el-9  el_after_av_one_third  el_before_av_one_third  flex_column_div avia-link-column av-column-link avia-link-column-hover'    data-link-column-url=\"https:\/\/santamed.com.tr\/catalogs\/janach-disposable.pdf\"  data-link-column-target=\"_blank\"   ><a class=\"av-screen-reader-only\" href=\"https:\/\/santamed.com.tr\/catalogs\/janach-disposable.pdf\"  target=\"_blank\" >Follow a manual added link<\/a><p>\n<style type=\"text\/css\" data-created_by=\"avia_inline_auto\" id=\"style-css-av-lu0xnwgt-fa60f7b0906542163bdcfa95e8438027\">\n.avia-image-container.av-lu0xnwgt-fa60f7b0906542163bdcfa95e8438027 img.avia_image{\nbox-shadow:none;\n}\n.avia-image-container.av-lu0xnwgt-fa60f7b0906542163bdcfa95e8438027 .av-image-caption-overlay-center{\ncolor:#ffffff;\n}\n<\/style>\n<div  class='avia-image-container av-lu0xnwgt-fa60f7b0906542163bdcfa95e8438027 av-styling- av-img-linked avia-align-center  avia-builder-el-10  el_before_av_heading  avia-builder-el-first'   itemprop=\"image\" itemscope=\"itemscope\" itemtype=\"https:\/\/schema.org\/ImageObject\" ><div class=\"avia-image-container-inner\"><div class=\"avia-image-overlay-wrap\"><a href=\"https:\/\/santamed.com.tr\/catalogs\/janach-disposable.pdf\" class='avia_image'  target=\"_blank\"  rel=\"noopener noreferrer\" aria-label='janach-disposable-cover'><img decoding=\"async\" fetchpriority=\"high\" class='wp-image-895 avia-img-lazy-loading-not-895 avia_image' src=\"https:\/\/santamed.com.tr\/wp-content\/uploads\/2024\/03\/janach-disposable-cover.jpg\" alt='' title='janach-disposable-cover'  height=\"387\" width=\"300\"  itemprop=\"thumbnailUrl\" srcset=\"https:\/\/santamed.com.tr\/wp-content\/uploads\/2024\/03\/janach-disposable-cover.jpg 300w, https:\/\/santamed.com.tr\/wp-content\/uploads\/2024\/03\/janach-disposable-cover-233x300.jpg 233w, https:\/\/santamed.com.tr\/wp-content\/uploads\/2024\/03\/janach-disposable-cover-9x12.jpg 9w\" sizes=\"(max-width: 300px) 100vw, 300px\" \/><\/a><\/div><\/div><\/div><br \/>\n\n<style type=\"text\/css\" data-created_by=\"avia_inline_auto\" id=\"style-css-av-lu0z0520-bdda37899bdaf0e2e463c06c1e22f8e8\">\n#top .av-special-heading.av-lu0z0520-bdda37899bdaf0e2e463c06c1e22f8e8{\npadding-bottom:10px;\n}\nbody .av-special-heading.av-lu0z0520-bdda37899bdaf0e2e463c06c1e22f8e8 .av-special-heading-tag .heading-char{\nfont-size:25px;\n}\n.av-special-heading.av-lu0z0520-bdda37899bdaf0e2e463c06c1e22f8e8 .av-subheading{\nfont-size:15px;\n}\n<\/style>\n<div  class='av-special-heading av-lu0z0520-bdda37899bdaf0e2e463c06c1e22f8e8 av-special-heading-h3 blockquote modern-quote modern-centered  avia-builder-el-11  el_after_av_image  avia-builder-el-last'><h3 class='av-special-heading-tag'  itemprop=\"headline\"  >Tek Kullan\u0131ml\u0131k \u00dcr\u00fcnler<\/h3><div class=\"special-heading-border\"><div class=\"special-heading-inner-border\"><\/div><\/div><\/div><\/p><\/div><div  class='flex_column av-mzit6-39a8d79384a49d28e3393c247df231c8 av_one_third  avia-builder-el-12  el_after_av_one_third  el_before_av_one_third  first flex_column_div avia-link-column av-column-link avia-link-column-hover  column-top-margin'    data-link-column-url=\"https:\/\/santamed.com.tr\/catalogs\/janach-emergency-care-and-minor-surgery.pdf\"  data-link-column-target=\"_blank\"   ><a class=\"av-screen-reader-only\" href=\"https:\/\/santamed.com.tr\/catalogs\/janach-emergency-care-and-minor-surgery.pdf\"  target=\"_blank\" >Follow a manual added link<\/a><p>\n<style type=\"text\/css\" data-created_by=\"avia_inline_auto\" id=\"style-css-av-lu0xo92d-88f3d73eebc4c0323970a4892f4d5455\">\n.avia-image-container.av-lu0xo92d-88f3d73eebc4c0323970a4892f4d5455 img.avia_image{\nbox-shadow:none;\n}\n.avia-image-container.av-lu0xo92d-88f3d73eebc4c0323970a4892f4d5455 .av-image-caption-overlay-center{\ncolor:#ffffff;\n}\n<\/style>\n<div  class='avia-image-container av-lu0xo92d-88f3d73eebc4c0323970a4892f4d5455 av-styling- av-img-linked avia-align-center  avia-builder-el-13  el_before_av_heading  avia-builder-el-first'   itemprop=\"image\" itemscope=\"itemscope\" itemtype=\"https:\/\/schema.org\/ImageObject\" ><div class=\"avia-image-container-inner\"><div class=\"avia-image-overlay-wrap\"><a href=\"https:\/\/santamed.com.tr\/catalogs\/janach-emergency-care-and-minor-surgery.pdf\" class='avia_image'  target=\"_blank\"  rel=\"noopener noreferrer\" aria-label='janach-emergency-cover'><img decoding=\"async\" fetchpriority=\"high\" class='wp-image-896 avia-img-lazy-loading-not-896 avia_image' src=\"https:\/\/santamed.com.tr\/wp-content\/uploads\/2024\/03\/janach-emergency-cover.jpg\" alt='' title='janach-emergency-cover'  height=\"378\" width=\"300\"  itemprop=\"thumbnailUrl\" srcset=\"https:\/\/santamed.com.tr\/wp-content\/uploads\/2024\/03\/janach-emergency-cover.jpg 300w, https:\/\/santamed.com.tr\/wp-content\/uploads\/2024\/03\/janach-emergency-cover-238x300.jpg 238w, https:\/\/santamed.com.tr\/wp-content\/uploads\/2024\/03\/janach-emergency-cover-10x12.jpg 10w\" sizes=\"(max-width: 300px) 100vw, 300px\" \/><\/a><\/div><\/div><\/div><br \/>\n\n<style type=\"text\/css\" data-created_by=\"avia_inline_auto\" id=\"style-css-av-lu0z0h8g-05be734ab71d9d72d7683689fc5d7c1a\">\n#top .av-special-heading.av-lu0z0h8g-05be734ab71d9d72d7683689fc5d7c1a{\npadding-bottom:10px;\n}\nbody .av-special-heading.av-lu0z0h8g-05be734ab71d9d72d7683689fc5d7c1a .av-special-heading-tag .heading-char{\nfont-size:25px;\n}\n.av-special-heading.av-lu0z0h8g-05be734ab71d9d72d7683689fc5d7c1a .av-subheading{\nfont-size:15px;\n}\n<\/style>\n<div  class='av-special-heading av-lu0z0h8g-05be734ab71d9d72d7683689fc5d7c1a av-special-heading-h3 blockquote modern-quote modern-centered  avia-builder-el-14  el_after_av_image  avia-builder-el-last'><h3 class='av-special-heading-tag'  itemprop=\"headline\"  >Acil Bak\u0131m ve K\u00fc\u00e7\u00fck Cerrahi<\/h3><div class=\"special-heading-border\"><div class=\"special-heading-inner-border\"><\/div><\/div><\/div><\/p><\/div><div  class='flex_column av-geq4a-870b84c119daaec066401932b155ea1c av_one_third  avia-builder-el-15  el_after_av_one_third  el_before_av_one_third  flex_column_div avia-link-column av-column-link avia-link-column-hover  column-top-margin'    data-link-column-url=\"https:\/\/santamed.com.tr\/catalogs\/janach-oculoplastic.pdf\"  data-link-column-target=\"_blank\"   ><a class=\"av-screen-reader-only\" href=\"https:\/\/santamed.com.tr\/catalogs\/janach-oculoplastic.pdf\"  target=\"_blank\" >Follow a manual added link<\/a><p>\n<style type=\"text\/css\" data-created_by=\"avia_inline_auto\" id=\"style-css-av-lu0xohus-d9d9171268c273a76c788e8a63b3e6a1\">\n.avia-image-container.av-lu0xohus-d9d9171268c273a76c788e8a63b3e6a1 img.avia_image{\nbox-shadow:none;\n}\n.avia-image-container.av-lu0xohus-d9d9171268c273a76c788e8a63b3e6a1 .av-image-caption-overlay-center{\ncolor:#ffffff;\n}\n<\/style>\n<div  class='avia-image-container av-lu0xohus-d9d9171268c273a76c788e8a63b3e6a1 av-styling- av-img-linked avia-align-center  avia-builder-el-16  el_before_av_heading  avia-builder-el-first'   itemprop=\"image\" itemscope=\"itemscope\" itemtype=\"https:\/\/schema.org\/ImageObject\" ><div class=\"avia-image-container-inner\"><div class=\"avia-image-overlay-wrap\"><a href=\"https:\/\/santamed.com.tr\/catalogs\/janach-oculoplastic.pdf\" class='avia_image'  target=\"_blank\"  rel=\"noopener noreferrer\" aria-label='janach-oculoplastic-cover'><img decoding=\"async\" fetchpriority=\"high\" class='wp-image-897 avia-img-lazy-loading-not-897 avia_image' src=\"https:\/\/santamed.com.tr\/wp-content\/uploads\/2024\/03\/janach-oculoplastic-cover.jpg\" alt='' title='janach-oculoplastic-cover'  height=\"379\" width=\"300\"  itemprop=\"thumbnailUrl\" srcset=\"https:\/\/santamed.com.tr\/wp-content\/uploads\/2024\/03\/janach-oculoplastic-cover.jpg 300w, https:\/\/santamed.com.tr\/wp-content\/uploads\/2024\/03\/janach-oculoplastic-cover-237x300.jpg 237w, https:\/\/santamed.com.tr\/wp-content\/uploads\/2024\/03\/janach-oculoplastic-cover-9x12.jpg 9w\" sizes=\"(max-width: 300px) 100vw, 300px\" \/><\/a><\/div><\/div><\/div><br \/>\n\n<style type=\"text\/css\" data-created_by=\"avia_inline_auto\" id=\"style-css-av-lu0z0rvs-998b609e3d48fe76fea538aaae58e4aa\">\n#top .av-special-heading.av-lu0z0rvs-998b609e3d48fe76fea538aaae58e4aa{\npadding-bottom:10px;\n}\nbody .av-special-heading.av-lu0z0rvs-998b609e3d48fe76fea538aaae58e4aa .av-special-heading-tag .heading-char{\nfont-size:25px;\n}\n.av-special-heading.av-lu0z0rvs-998b609e3d48fe76fea538aaae58e4aa .av-subheading{\nfont-size:15px;\n}\n<\/style>\n<div  class='av-special-heading av-lu0z0rvs-998b609e3d48fe76fea538aaae58e4aa av-special-heading-h3 blockquote modern-quote modern-centered  avia-builder-el-17  el_after_av_image  avia-builder-el-last'><h3 class='av-special-heading-tag'  itemprop=\"headline\"  >Ok\u00fcloplastik<\/h3><div class=\"special-heading-border\"><div class=\"special-heading-inner-border\"><\/div><\/div><\/div><\/p><\/div><div  class='flex_column av-9qhyy-4e3256f566c041bb08e2a786c208eb8f av_one_third  avia-builder-el-18  el_after_av_one_third  avia-builder-el-last  flex_column_div avia-link-column av-column-link avia-link-column-hover  column-top-margin'    data-link-column-url=\"https:\/\/santamed.com.tr\/catalogs\/janach-retina.pdf\"  data-link-column-target=\"_blank\"   ><a class=\"av-screen-reader-only\" href=\"https:\/\/santamed.com.tr\/catalogs\/janach-retina.pdf\"  target=\"_blank\" >Follow a manual added link<\/a><p>\n<style type=\"text\/css\" data-created_by=\"avia_inline_auto\" id=\"style-css-av-lu0xopzp-73a0ec51af6a82afb248ffcb8966e8b4\">\n.avia-image-container.av-lu0xopzp-73a0ec51af6a82afb248ffcb8966e8b4 img.avia_image{\nbox-shadow:none;\n}\n.avia-image-container.av-lu0xopzp-73a0ec51af6a82afb248ffcb8966e8b4 .av-image-caption-overlay-center{\ncolor:#ffffff;\n}\n<\/style>\n<div  class='avia-image-container av-lu0xopzp-73a0ec51af6a82afb248ffcb8966e8b4 av-styling- av-img-linked avia-align-center  avia-builder-el-19  el_before_av_heading  avia-builder-el-first'   itemprop=\"image\" itemscope=\"itemscope\" itemtype=\"https:\/\/schema.org\/ImageObject\" ><div class=\"avia-image-container-inner\"><div class=\"avia-image-overlay-wrap\"><a href=\"https:\/\/santamed.com.tr\/catalogs\/janach-retina.pdf\" class='avia_image'  target=\"_blank\"  rel=\"noopener noreferrer\" aria-label='janach-retina-cover'><img decoding=\"async\" fetchpriority=\"high\" class='wp-image-898 avia-img-lazy-loading-not-898 avia_image' src=\"https:\/\/santamed.com.tr\/wp-content\/uploads\/2024\/03\/janach-retina-cover.jpg\" alt='' title='janach-retina-cover'  height=\"388\" width=\"300\"  itemprop=\"thumbnailUrl\" srcset=\"https:\/\/santamed.com.tr\/wp-content\/uploads\/2024\/03\/janach-retina-cover.jpg 300w, https:\/\/santamed.com.tr\/wp-content\/uploads\/2024\/03\/janach-retina-cover-232x300.jpg 232w, https:\/\/santamed.com.tr\/wp-content\/uploads\/2024\/03\/janach-retina-cover-9x12.jpg 9w\" sizes=\"(max-width: 300px) 100vw, 300px\" \/><\/a><\/div><\/div><\/div><br \/>\n\n<style type=\"text\/css\" data-created_by=\"avia_inline_auto\" id=\"style-css-av-lu0z0wzu-07fee963dd23ae6ea8fa5773e606828d\">\n#top .av-special-heading.av-lu0z0wzu-07fee963dd23ae6ea8fa5773e606828d{\npadding-bottom:10px;\n}\nbody .av-special-heading.av-lu0z0wzu-07fee963dd23ae6ea8fa5773e606828d .av-special-heading-tag .heading-char{\nfont-size:25px;\n}\n.av-special-heading.av-lu0z0wzu-07fee963dd23ae6ea8fa5773e606828d .av-subheading{\nfont-size:15px;\n}\n<\/style>\n<div  class='av-special-heading av-lu0z0wzu-07fee963dd23ae6ea8fa5773e606828d av-special-heading-h3 blockquote modern-quote modern-centered  avia-builder-el-20  el_after_av_image  avia-builder-el-last'><h3 class='av-special-heading-tag'  itemprop=\"headline\"  >Retina<\/h3><div class=\"special-heading-border\"><div class=\"special-heading-inner-border\"><\/div><\/div><\/div><\/p><\/div>\n<\/p>","protected":false},"excerpt":{"rendered":"","protected":false},"author":1,"featured_media":0,"parent":0,"menu_order":0,"comment_status":"closed","ping_status":"closed","template":"","meta":{"footnotes":""},"class_list":["post-890","page","type-page","status-publish","hentry"],"_links":{"self":[{"href":"https:\/\/santamed.com.tr\/tr\/wp-json\/wp\/v2\/pages\/890","targetHints":{"allow":["GET"]}}],"collection":[{"href":"https:\/\/santamed.com.tr\/tr\/wp-json\/wp\/v2\/pages"}],"about":[{"href":"https:\/\/santamed.com.tr\/tr\/wp-json\/wp\/v2\/types\/page"}],"author":[{"embeddable":true,"href":"https:\/\/santamed.com.tr\/tr\/wp-json\/wp\/v2\/users\/1"}],"replies":[{"embeddable":true,"href":"https:\/\/santamed.com.tr\/tr\/wp-json\/wp\/v2\/comments?post=890"}],"version-history":[{"count":16,"href":"https:\/\/santamed.com.tr\/tr\/wp-json\/wp\/v2\/pages\/890\/revisions"}],"predecessor-version":[{"id":930,"href":"https:\/\/santamed.com.tr\/tr\/wp-json\/wp\/v2\/pages\/890\/revisions\/930"}],"wp:attachment":[{"href":"https:\/\/santamed.com.tr\/tr\/wp-json\/wp\/v2\/media?parent=890"}],"curies":[{"name":"wp","href":"https:\/\/api.w.org\/{rel}","templated":true}]}}